{"id":141,"date":"2025-11-29T17:56:28","date_gmt":"2025-11-29T17:56:28","guid":{"rendered":"https:\/\/gunillabrf.se\/?page_id=141"},"modified":"2025-11-29T18:36:05","modified_gmt":"2025-11-29T18:36:05","slug":"for-kopare","status":"publish","type":"page","link":"https:\/\/gunillabrf.se\/?page_id=141","title":{"rendered":"F\u00f6r k\u00f6pare"},"content":{"rendered":"\n<div style=\"height:29px\" aria-hidden=\"true\" class=\"wp-block-spacer\"><\/div>\n\n\n\n<h2 class=\"wp-block-heading\">F\u00f6r k\u00f6pare<\/h2>\n\n\n\n<p><strong>V\u00e4lkommen till HSB Brf Gunilla i Stockholm.<\/strong> F\u00f6reningen bildades 1958-09-16 och registrerades 1958-10-31. F\u00f6reningen \u00e4ger och f\u00f6rvaltar fastigheten Gunilla 20. F\u00f6reningen best\u00e5r av 111st bostadsr\u00e4ttsl\u00e4genheter, om 7082 m\u00b2 f\u00f6rdelat p\u00e5 11st ettor, 35st tv\u00e5or, 48st treor och 17st fyror samt 1st lokal som bostadsr\u00e4tt. F\u00f6reningen har dessutom 3 lokaler som hyrs ut till icke f\u00f6reningsmedlemmar. D\u00e5 v\u00e5r f\u00f6rening tillh\u00f6r HSB Stockholm, kr\u00e4vs det att du som k\u00f6pare, g\u00e5vo- eller arvsmottagare \u00e4r medlem i HSB Stockholm innan du kan bli godk\u00e4nd medlem hos oss. Observera att alla del\u00e4gare till en bostadsr\u00e4tt i HSB Brf Gunilla ska vara medlemmar i HSB Stockholm. Vid flera \u00e4gare \u00e4r en huvudmedlem och \u00f6vriga familjemedlemmar. Medlemsavgiften \u00e4r en eng\u00e5ngsavgift. D\u00e4refter under tiden som \u00e4gare\/medlem i f\u00f6reningen st\u00e5r f\u00f6reningen f\u00f6r den \u00e5rliga avgiften. Ans\u00f6kan om medlemskap i HSB Stockholm g\u00f6rs via deras hemsida www.hsb.se. Se \u00e4ven nedan HSB:s egen beskrivning.<\/p>\n\n\n\n<p>Om l\u00e4genheten beh\u00f6ver bel\u00e5nas tar f\u00f6reningen ut pants\u00e4ttningsavgift. Avgiften \u00e4r 1 % av prisbasbeloppet (se akutell information f\u00f6r prisbasbelopp f\u00f6r innevarande \u00e5r p\u00e5 www.skatteverket.se). Faktura skickas ut av v\u00e5r ekonomif\u00f6rvaltare Fastum n\u00e4r pants\u00e4ttningen \u00e4r klar.<\/p>\n\n\n\n<p>N\u00e4r du blivit medlem i HSB Brf Gunilla f\u00e5r du \u00e5rsavgiften i m\u00e5nadsfakturor fr\u00e5n f\u00f6reningens ekonomif\u00f6rvaltare Fastum www.fastum.se. De skickas ut kvartalsvis och kan f\u00e5s som e-faktura eller autogiro. Var noga med att anv\u00e4nda r\u00e4tt OCR-nummer f\u00f6r r\u00e4tt m\u00e5nad.<\/p>\n\n\n\n<p>Gl\u00f6m ej att teckna hemf\u00f6rs\u00e4kring med bostadsr\u00e4ttstill\u00e4gg innan ni flyttar in.<\/p>\n\n\n\n<p><strong>Information fr\u00e5n HSB STOCKHOLM om hur man blir medlem i HSB STOCKHOLM:<\/strong><\/p>\n\n\n\n<p>\u201dI f\u00f6rsta hand blir man medlem via v\u00e5r hemsida, l\u00e4nk: http:\/\/www.hsb.se\/stockholm\/medlem\/privatperson\/ klicka p\u00e5 Bli medlem nu och v\u00e4lj region HSB Stockholm i rullisten och G\u00e5 vidare \u2013 f\u00f6lj instruktionerna.<\/p>\n\n\n\n<p>I andra hand (ifall man ej har m\u00f6jlighet att bli medlem via v\u00e5r hemsida) g\u00f6r manuell inbetalning till:<br><strong>Bankgiro 388-3147<\/strong> (f\u00f6r nyregistrering av medlemskap i HSB Stockholm)<\/p>\n\n\n\n<p>Detta \u00e5r 2020 g\u00e4ller:<\/p>\n\n\n\n<p><strong>Belopp huvudmedlem f\u00f6r medlemsandel 500 kr + \u00e5rsavgift 300 kr = 800 kr<br>Ocr-nr \/ Referens = Personnummer<\/strong><br>Familjemedlem (folkbokf\u00f6rd p\u00e5 samma adress) g\u00f6r en till inbetalning till Bankgiro 388-3147 med belopp f\u00f6r medlemsandel 500 kr samt Ocr-nr \/ Referens = Personnummer p\u00e5 b\u00e5de familjemedlem och huvudmedlem<br><strong>Vid fr\u00e5gor<\/strong>: ring Servicecenter, HSB STOCKHOLM p\u00e5 telefon 010-442 11 00<\/p>\n\n\n\n<p><strong>L\u00e4sv\u00e4rt f\u00f6r blivande medlemmar i HSB Brf Gunilla:<\/strong><br>I medlemsinformationen finner du stadgar och trivselregler.<\/p>\n","protected":false},"excerpt":{"rendered":"<p>F\u00f6r k\u00f6pare V\u00e4lkommen till HSB Brf Gunilla i Stockholm. F\u00f6reningen bildades 1958-09-16 och registrerades 1958-10-31. F\u00f6reningen \u00e4ger och f\u00f6rvaltar fastigheten [&hellip;]<\/p>\n","protected":false},"author":1,"featured_media":0,"parent":0,"menu_order":0,"comment_status":"closed","ping_status":"closed","template":"","meta":{"site-sidebar-layout":"default","site-content-layout":"","ast-site-content-layout":"default","site-content-style":"default","site-sidebar-style":"default","ast-global-header-display":"","ast-banner-title-visibility":"","ast-main-header-display":"","ast-hfb-above-header-display":"","ast-hfb-below-header-display":"","ast-hfb-mobile-header-display":"","site-post-title":"disabled","ast-breadcrumbs-content":"","ast-featured-img":"","footer-sml-layout":"","ast-disable-related-posts":"","theme-transparent-header-meta":"","adv-header-id-meta":"","stick-header-meta":"","header-above-stick-meta":"","header-main-stick-meta":"","header-below-stick-meta":"","astra-migrate-meta-layouts":"default","ast-page-background-enabled":"default","ast-page-background-meta":{"desktop":{"background-color":"var(--ast-global-color-5)","background-image":"","background-repeat":"repeat","background-position":"center center","background-size":"auto","background-attachment":"scroll","background-type":"","background-media":"","overlay-type":"","overlay-color":"","overlay-opacity":"","overlay-gradient":""},"tablet":{"background-color":"","background-image":"","background-repeat":"repeat","background-position":"center center","background-size":"auto","background-attachment":"scroll","background-type":"","background-media":"","overlay-type":"","overlay-color":"","overlay-opacity":"","overlay-gradient":""},"mobile":{"background-color":"","background-image":"","background-repeat":"repeat","background-position":"center center","background-size":"auto","background-attachment":"scroll","background-type":"","background-media":"","overlay-type":"","overlay-color":"","overlay-opacity":"","overlay-gradient":""}},"ast-content-background-meta":{"desktop":{"background-color":"var(--ast-global-color-4)","background-image":"","background-repeat":"repeat","background-position":"center center","background-size":"auto","background-attachment":"scroll","background-type":"","background-media":"","overlay-type":"","overlay-color":"","overlay-opacity":"","overlay-gradient":""},"tablet":{"background-color":"var(--ast-global-color-4)","background-image":"","background-repeat":"repeat","background-position":"center center","background-size":"auto","background-attachment":"scroll","background-type":"","background-media":"","overlay-type":"","overlay-color":"","overlay-opacity":"","overlay-gradient":""},"mobile":{"background-color":"var(--ast-global-color-4)","background-image":"","background-repeat":"repeat","background-position":"center center","background-size":"auto","background-attachment":"scroll","background-type":"","background-media":"","overlay-type":"","overlay-color":"","overlay-opacity":"","overlay-gradient":""}},"footnotes":""},"class_list":["post-141","page","type-page","status-publish","hentry"],"_links":{"self":[{"href":"https:\/\/gunillabrf.se\/index.php?rest_route=\/wp\/v2\/pages\/141","targetHints":{"allow":["GET"]}}],"collection":[{"href":"https:\/\/gunillabrf.se\/index.php?rest_route=\/wp\/v2\/pages"}],"about":[{"href":"https:\/\/gunillabrf.se\/index.php?rest_route=\/wp\/v2\/types\/page"}],"author":[{"embeddable":true,"href":"https:\/\/gunillabrf.se\/index.php?rest_route=\/wp\/v2\/users\/1"}],"replies":[{"embeddable":true,"href":"https:\/\/gunillabrf.se\/index.php?rest_route=%2Fwp%2Fv2%2Fcomments&post=141"}],"version-history":[{"count":3,"href":"https:\/\/gunillabrf.se\/index.php?rest_route=\/wp\/v2\/pages\/141\/revisions"}],"predecessor-version":[{"id":174,"href":"https:\/\/gunillabrf.se\/index.php?rest_route=\/wp\/v2\/pages\/141\/revisions\/174"}],"wp:attachment":[{"href":"https:\/\/gunillabrf.se\/index.php?rest_route=%2Fwp%2Fv2%2Fmedia&parent=141"}],"curies":[{"name":"wp","href":"https:\/\/api.w.org\/{rel}","templated":true}]}}